{"id":97,"date":"2004-11-18T09:53:00","date_gmt":"2004-11-18T09:53:00","guid":{"rendered":"http:\/\/tijgerpunt.be\/?page_id=97"},"modified":"2022-07-18T10:01:31","modified_gmt":"2022-07-18T10:01:31","slug":"hivatalos-honlapja-online-kaszino-excite-win-hungary","status":"publish","type":"page","link":"https:\/\/tijgerpunt.be\/?page_id=97","title":{"rendered":"Hivatalos honlapja online kaszin\u00f3 Excite Win Hungary"},"content":{"rendered":"\n<figure class=\"wp-block-image size-large\"><img decoding=\"async\" src=\"https:\/\/www.crazeaffiliates.com\/assets\/img\/excitewin-sh.png\" alt=\"\"\/><\/figure>\n\n\n\n<h2>ExciteWin online kaszin\u00f3 &#8211; sz\u00f3rakoz\u00e1s minden \u00e9vben! <\/h2>\n<p>Az Excite Win egy olyan online kaszin\u00f3, ahol mindenki tal\u00e1l mag\u00e1nak valamit. \u00c9rdemes megn\u00e9zni a k\u00fcl\u00f6nb\u00f6z\u0151 forgalmaz\u00f3kat, \u00e9s r\u00e9szt venni az \u00fajdons\u00e1gokban \u00e9s a know-how-ban, amelyet az ExciteWin aj\u00e1nl. Ez egy olyan, sallangmentes szerencsej\u00e1t\u00e9k-int\u00e9zet, ahol a hangs\u00faly a j\u00e1t\u00e9kk\u00edn\u00e1laton van. <\/p>\n<h2>Regisztr\u00e1ci\u00f3 az Excite Win online kaszin\u00f3ban<\/h2>\n<p>Az \u00fajonnan regisztr\u00e1lt j\u00e1t\u00e9kosok sz\u00e1m\u00e1ra, akik regisztr\u00e1lni szeretn\u00e9nek az Excite Win szerencsej\u00e1t\u00e9k-szolg\u00e1ltat\u00e1sra, ez nagyon egyszer\u0171 a kezd\u0151lapon. A weboldalra l\u00e9pve megjelenik a &#8220;Regisztr\u00e1ci\u00f3&#8221; ikon, ahol szem\u00e9lyes adatokat kell megadnia a szerencsej\u00e1t\u00e9k profil l\u00e9trehoz\u00e1s\u00e1hoz. A regisztr\u00e1lt j\u00e1t\u00e9kosnak meg kell adnia teljes nev\u00e9t, el\u00e9rhet\u0151s\u00e9g\u00e9t \u00e9s e-mail c\u00edm\u00e9t. Tov\u00e1bb\u00e1 egy e-mail c\u00edmre mutat\u00f3 linket kap, ahov\u00e1 a regisztr\u00e1ci\u00f3s elj\u00e1r\u00e1s befejez\u00e9s\u00e9hez el kell mennie. K\u00e9s\u0151bb a j\u00e1t\u00e9kosoknak lehet\u0151s\u00e9g\u00fck van t\u00e9tet tenni, hogy azonnal elkezdhess\u00e9k a j\u00e1t\u00e9kot. <\/p>\n<p>Az ExciteWin, mint sok m\u00e1s online kaszin\u00f3, k\u00e9pes arra, hogy modern megold\u00e1sokba fektessen be klubja sz\u00e1m\u00e1ra. \u00c9rdemes kiemelni, hogy sz\u00e1mos k\u00e9nyelmes fizet\u00e9si lehet\u0151s\u00e9get haszn\u00e1lnak itt, mind a devizabet\u00e9tek, mind a p\u00e9nzkiv\u00e9telek eset\u00e9ben. A legh\u00edresebbek a k\u00f6vetkez\u0151k: <\/p>\n<ul>\n<li> MIR k\u00e1rty\u00e1k,  <\/li>\n<li> MasterCard,  <\/li>\n<li> PayPal,  <\/li>\n<li>Megb\u00edzhat\u00f3an. <\/li> \n<\/ul>\n<p>Ami a kifizet\u00e9seket illeti, ez is gyors \u00e9s egyszer\u0171, ugyanazokkal a lehet\u0151s\u00e9gekkel, mint a befizet\u00e9sekn\u00e9l. A tranzakci\u00f3k nagy r\u00e9sz\u00e9t gyorsan feldolgozz\u00e1k, de n\u00e9ha a k\u00f6vetkez\u0151 munkanapig is elh\u00faz\u00f3dhat, att\u00f3l f\u00fcgg\u0151en, hogy melyik bankn\u00e1l van. <\/p>\n<h2>Excite Win online kaszin\u00f3 szerencsej\u00e1t\u00e9k lista<\/h2>\n<p>Amint arra k\u00f6vetkeztethet, a f\u0151 szerencsej\u00e1t\u00e9k klub eg\u00e9sz \u00e9vben bemutatott szerencsej\u00e1t\u00e9k g\u00e9peket k\u00edn\u00e1l. J\u00e1t\u00e9kosk\u00e9nt a k\u00fcl\u00f6nb\u00f6z\u0151 j\u00e1t\u00e9kgy\u00e1rt\u00f3k videoj\u00e1t\u00e9kainak sz\u00e9les list\u00e1j\u00e1b\u00f3l v\u00e1laszthatsz, mint p\u00e9ld\u00e1ul: <\/p>\n<ul>\n<li>PlayTech,  <\/li>\n<li>Unicum,  <\/li>\n<li> Gaminator,  <\/li>\n<li> Rivaliz\u00e1l\u00e1s \u00e9s \u00edgy tov\u00e1bb.  <\/li>\n<\/ul>\n<p>Az ExciteWin a sokoldal\u00fa vide\u00f3nyer\u0151g\u00e9pek \u00e9s a standard kaszin\u00f3j\u00e1t\u00e9kok h\u0171v\u00f6s kever\u00e9k\u00e9vel rendelkezik. <\/p>\n<p>Azok sz\u00e1m\u00e1ra, akik az elad\u00f3k helyett ink\u00e1bb egy szolid jackpotot szeretn\u00e9nek nyerni, a legnagyobb jackpotokkal rendelkez\u0151 vide\u00f3nyer\u0151g\u00e9pek is a k\u00edn\u00e1latban vannak, t\u00f6bbek k\u00f6z\u00f6tt: <\/p>\n<ul>\n<li>Legacy of Dead,  <\/li>\n<li> Midas Golden Touch,  <\/li>\n<li> Temple Tumble,  <\/li>\n<li> Sticky Diamonds \u00e9s m\u00e9g sok m\u00e1s k\u00f6z\u00fcl v\u00e1laszthat.  <\/li>\n<\/ul>\n<p>Egy\u00e9bk\u00e9nt az oldal a szok\u00e1sos asztali j\u00e1t\u00e9kokat is k\u00edn\u00e1l, mint p\u00e9ld\u00e1ul a rulett, blackjack, p\u00f3ker vagy a Casino Hold&#8217;em. <\/p>\n<p>Az ExciteWin platform mindenki sz\u00e1m\u00e1ra k\u00edn\u00e1l valamit, a modern \u00e9s a r\u00e9gi felhaszn\u00e1l\u00f3k sz\u00e1m\u00e1ra egyar\u00e1nt. Mindenki k\u00e9pes lesz navig\u00e1lni a j\u00e1t\u00e9kokban, a kateg\u00f3ri\u00e1k t\u00f6bb ir\u00e1nyba vannak felosztva, ami egy\u00e9bk\u00e9nt elfogadhat\u00f3 a felhaszn\u00e1l\u00f3k sz\u00e1m\u00e1ra. <\/p>\n<p>Szerencsej\u00e1t\u00e9k port\u00e1l kiv\u00e1laszt\u00e1sa, \u00e9rdekl\u0151dj\u00f6n a j\u00f3 \u00e9s \u00e9rdekes felhaszn\u00e1l\u00f3i szolg\u00e1ltat\u00e1s ir\u00e1nt, ami \u00f6nmag\u00e1ban is \u0151r\u00fclten fontos. N\u00e9h\u00e1ny j\u00e1t\u00e9kos sz\u00e1m\u00e1ra az is fontos, hogy a port\u00e1l ezt biztos\u00edtani tudja. Ami a rendelkez\u00e9sre \u00e1ll\u00e1st illeti, nincs panasz, az ExciteWin \u00fcgyf\u00e9lszolg\u00e1lata a nap 24 \u00f3r\u00e1j\u00e1ban el\u00e9rhet\u0151. <\/p>\n<p>Az \u00e9l\u0151 chat \u00e9s az e-mail az Excite Win felhaszn\u00e1l\u00f3i t\u00e1mogat\u00e1si r\u00e9szleggel val\u00f3 kapcsolatfelv\u00e9tel mechanizmusa, amely k\u00f6z\u00fcl a chat a legszabv\u00e1nyosabb \u00e9s leggyorsabb lehet\u0151s\u00e9g, amelyet sokan el\u0151nyben r\u00e9szes\u00edtenek. A felhaszn\u00e1l\u00f3k a cseveg\u00e9s megkezd\u00e9sekor egy egy\u00e9ni telefonsz\u00e1mot is fel\u00edrhatnak, hogy a cseveg\u00e9s megszakad\u00e1sa eset\u00e9n telefonh\u00edv\u00e1st fogadhassanak. \nHa kapcsolatba szeretne l\u00e9pni az Excite Win Casin\u00f3val, kattintson a &#8220;S\u00fag\u00f3&#8221; gombra a bal sarokban, majd adja meg nev\u00e9t, e-mail c\u00edm\u00e9t \u00e9s optim\u00e1lis esetben telefonsz\u00e1m\u00e1t, miel\u0151tt csevegni tudna. A vezet\u0151k \u00e1ltal\u00e1ban azonnal visszajelz\u00e9st adnak. Regisztr\u00e1ci\u00f3 n\u00e9lk\u00fcl is felveheti a kapcsolatot az \u00fcgyf\u00e9lszolg\u00e1lattal, ha valami olyasmi \u00e9rdekli, amire ez az ExciteWin j\u00e1t\u00e9kklub \u00e9rt\u00e9kel\u00e9s nem adott v\u00e1laszt. <a href=\"http:\/\/www.krizistelefon.hu\/\">Kaszin\u00f3 ExciteWin app<\/a> let\u00f6lthet\u0151 a hivatalos honlapr\u00f3l.<\/p>\n<p>Az Excite Win egy olyan webkaszin\u00f3, amelyet folyamatosan friss\u00edtenek \u00e9s fejlesztenek, \u00e9s ez j\u00f3 dolog, mert rengeteg j\u00e1t\u00e9k \u00e1ll a j\u00e1t\u00e9kosok rendelkez\u00e9s\u00e9re. Univerz\u00e1lis versenyeket \u00e9s egy fontos kezd\u0151 blokkot is k\u00edn\u00e1l.<\/p>\n\n","protected":false},"excerpt":{"rendered":"<p>ExciteWin online kaszin\u00f3 &#8211; sz\u00f3rakoz\u00e1s minden \u00e9vben! Az Excite Win egy olyan online kaszin\u00f3, ahol mindenki tal\u00e1l mag\u00e1nak valamit. \u00c9rdemes megn\u00e9zni a k\u00fcl\u00f6nb\u00f6z\u0151 forgalmaz\u00f3kat, \u00e9s r\u00e9szt venni az \u00fajdons\u00e1gokban \u00e9s a know-how-ban, amelyet az ExciteWin aj\u00e1nl. Ez egy olyan, sallangmentes szerencsej\u00e1t\u00e9k-int\u00e9zet, ahol a hangs\u00faly a j\u00e1t\u00e9kk\u00edn\u00e1laton van. Regisztr\u00e1ci\u00f3 az Excite Win online kaszin\u00f3ban Az \u00fajonnan [&hellip;]<\/p>\n","protected":false},"author":2,"featured_media":0,"parent":0,"menu_order":0,"comment_status":"closed","ping_status":"closed","template":"","meta":{"_et_pb_use_builder":"off","_et_pb_old_content":"","_et_gb_content_width":"","footnotes":""},"class_list":["post-97","page","type-page","status-publish","hentry"],"_links":{"self":[{"href":"https:\/\/tijgerpunt.be\/index.php?rest_route=\/wp\/v2\/pages\/97","targetHints":{"allow":["GET"]}}],"collection":[{"href":"https:\/\/tijgerpunt.be\/index.php?rest_route=\/wp\/v2\/pages"}],"about":[{"href":"https:\/\/tijgerpunt.be\/index.php?rest_route=\/wp\/v2\/types\/page"}],"author":[{"embeddable":true,"href":"https:\/\/tijgerpunt.be\/index.php?rest_route=\/wp\/v2\/users\/2"}],"replies":[{"embeddable":true,"href":"https:\/\/tijgerpunt.be\/index.php?rest_route=%2Fwp%2Fv2%2Fcomments&post=97"}],"version-history":[{"count":1,"href":"https:\/\/tijgerpunt.be\/index.php?rest_route=\/wp\/v2\/pages\/97\/revisions"}],"predecessor-version":[{"id":98,"href":"https:\/\/tijgerpunt.be\/index.php?rest_route=\/wp\/v2\/pages\/97\/revisions\/98"}],"wp:attachment":[{"href":"https:\/\/tijgerpunt.be\/index.php?rest_route=%2Fwp%2Fv2%2Fmedia&parent=97"}],"curies":[{"name":"wp","href":"https:\/\/api.w.org\/{rel}","templated":true}]}}